{"id":35,"date":"2019-10-01T17:57:04","date_gmt":"2019-10-01T15:57:04","guid":{"rendered":"http:\/\/www.wolfgangseitz.de\/?page_id=35"},"modified":"2019-10-11T21:22:31","modified_gmt":"2019-10-11T19:22:31","slug":"kuenstler","status":"publish","type":"page","link":"https:\/\/www.wolfgangseitz.de\/index.php\/kuenstler\/","title":{"rendered":"K\u00fcnstler"},"content":{"rendered":"\n<h1>Vita<\/h1>\n\n\n\n<div class=\"wp-block-columns has-2-columns is-layout-flex wp-container-core-columns-is-layout-9d6595d7 wp-block-columns-is-layout-flex\">\n<div class=\"wp-block-column is-layout-flow wp-block-column-is-layout-flow\">\n<div class=\"wp-block-image\"><figure class=\"alignright\"><img loading=\"lazy\" decoding=\"async\" width=\"158\" height=\"454\" src=\"http:\/\/www.wolfgangseitz.de\/wp-content\/uploads\/2019\/10\/Wolfgang-Seitz-Portrait.jpg\" alt=\"Wolfgang Seitz Portrait\" class=\"wp-image-92\" srcset=\"https:\/\/www.wolfgangseitz.de\/wp-content\/uploads\/2019\/10\/Wolfgang-Seitz-Portrait.jpg 158w, https:\/\/www.wolfgangseitz.de\/wp-content\/uploads\/2019\/10\/Wolfgang-Seitz-Portrait-104x300.jpg 104w\" sizes=\"auto, (max-width: 158px) 100vw, 158px\" \/><\/figure><\/div>\n<\/div>\n\n\n\n<div class=\"wp-block-column is-layout-flow wp-block-column-is-layout-flow\">\n<p>Wolfgang Seitz<br>seit 1994 als freischaffender K\u00fcnstler t\u00e4tig<br>seit 1996 eigenart \u201eraum f\u00fcr kunst\u201c<br>seit 2013 Kunsthalle Feuerbach<br>zahlreiche Ausstellungen und Kunstprojekte<\/p>\n\n\n\n<p>2002 Offene R\u00e4ume<br>2003 24 Stunden<br>2004 Alldie Kunst<br>2006 Vorfahrt<br>2008 Rhythmusmaschine der Fantasie<br>2008 Kunst ist M\u00fcll<br>2009 Auto Mobile Stadtteil Skulptur<br>2010 Ausverkauf<br>2010 Wortskulptur \u201eJUGENDHAUS<br>2011 Container Love<br>2011 Gong<br>2012 Schatz Suchmaschine &nbsp;<br>2012 Jetzt<br>2013 Woher Wohin und zwischendrin \/ Theaterprojekt- B\u00fchnenbild<br>2013 Gl\u00fccksmaschine<br>2013 Atelier Umzug<br>2013 Er\u00f6ffnung der Kunsthalle Feuerbach<br>2014 Weltrettungsmaschine<br>2014 Heimat-Projekt<br>2014 Jetzt<\/p>\n<\/div>\n<\/div>\n","protected":false},"excerpt":{"rendered":"<p>Vita Wolfgang Seitzseit 1994 als freischaffender K\u00fcnstler t\u00e4tigseit 1996 eigenart \u201eraum f\u00fcr kunst\u201cseit 2013 Kunsthalle Feuerbachzahlreiche Ausstellungen und Kunstprojekte 2002 Offene R\u00e4ume2003 24 Stunden2004 Alldie Kunst2006 Vorfahrt2008 Rhythmusmaschine der Fantasie2008 Kunst ist M\u00fcll2009 Auto Mobile Stadtteil Skulptur2010 Ausverkauf2010 Wortskulptur \u201eJUGENDHAUS2011 Container Love2011 Gong2012 Schatz Suchmaschine &nbsp;2012 Jetzt2013 Woher Wohin und zwischendrin \/ Theaterprojekt- B\u00fchnenbild2013 Gl\u00fccksmaschine2013Continue reading &rarr;<\/p>\n","protected":false},"author":1,"featured_media":0,"parent":0,"menu_order":0,"comment_status":"closed","ping_status":"closed","template":"","meta":{"footnotes":""},"class_list":["post-35","page","type-page","status-publish","hentry","no-thumb"],"_links":{"self":[{"href":"https:\/\/www.wolfgangseitz.de\/index.php\/wp-json\/wp\/v2\/pages\/35","targetHints":{"allow":["GET"]}}],"collection":[{"href":"https:\/\/www.wolfgangseitz.de\/index.php\/wp-json\/wp\/v2\/pages"}],"about":[{"href":"https:\/\/www.wolfgangseitz.de\/index.php\/wp-json\/wp\/v2\/types\/page"}],"author":[{"embeddable":true,"href":"https:\/\/www.wolfgangseitz.de\/index.php\/wp-json\/wp\/v2\/users\/1"}],"replies":[{"embeddable":true,"href":"https:\/\/www.wolfgangseitz.de\/index.php\/wp-json\/wp\/v2\/comments?post=35"}],"version-history":[{"count":5,"href":"https:\/\/www.wolfgangseitz.de\/index.php\/wp-json\/wp\/v2\/pages\/35\/revisions"}],"predecessor-version":[{"id":521,"href":"https:\/\/www.wolfgangseitz.de\/index.php\/wp-json\/wp\/v2\/pages\/35\/revisions\/521"}],"wp:attachment":[{"href":"https:\/\/www.wolfgangseitz.de\/index.php\/wp-json\/wp\/v2\/media?parent=35"}],"curies":[{"name":"wp","href":"https:\/\/api.w.org\/{rel}","templated":true}]}}