{"id":728,"date":"2025-11-10T19:15:40","date_gmt":"2025-11-10T18:15:40","guid":{"rendered":"https:\/\/www.wolfgangseitz.de\/?page_id=728"},"modified":"2025-11-12T15:38:38","modified_gmt":"2025-11-12T14:38:38","slug":"tape-art","status":"publish","type":"page","link":"https:\/\/www.wolfgangseitz.de\/index.php\/tape-art\/","title":{"rendered":"Tape Art"},"content":{"rendered":"\n<p>2018 begann ich mit Farbe und Klebeb\u00e4ndern zu experimentieren.<\/p>\n\n\n\n<p>Diese Technik habe ich in der Corona Zeit 2020 intensiv weiterentwickelt, mich damit besch\u00e4ftigt und Arbeitsprozesse optimiert.<\/p>\n\n\n\n<p>Meine Tape Art Arbeiten bestehen alle aus Klebeb\u00e4ndern, von denen ich mittlerweile \u00fcber 1.000 Rollen aus den unterschiedlichsten Kontinenten und L\u00e4nder habe. Durch die hohe Anzahl an Rollen besitze ich eine breite Palette an Rollen, die in ihrer Farblichkeit alle eine Vielzahl an unterschiedlichen Farbt\u00f6nen abdecken. Aber ich sammle immer weiter, denn Materialit\u00e4t, Materialst\u00e4rke und Farblichkeit unterscheiden sich immer, je nach Herkunft und Produktionsverfahren.<\/p>\n\n\n\n<p>Ich schichte die Klebeb\u00e4nder in unterschiedlicher Dichte und Gr\u00f6\u00dfe zueinander auf unterschiedlichen Materialien. Meine Formate und Inhalte ver\u00e4ndern sich Serie um Serie und Jahr um Jahr, und werden sehr stark von pers\u00f6nlichen Eindr\u00fccken und Erlebnissen und von Reiseimpressionen beeinflusst.<\/p>\n\n\n\n<p class=\"has-large-font-size\">Nature Illusion<\/p>\n\n\n\n<div class=\"wp-block-columns is-layout-flex wp-container-core-columns-is-layout-9d6595d7 wp-block-columns-is-layout-flex\">\n<div class=\"wp-block-column is-layout-flow wp-block-column-is-layout-flow\"><div class=\"wp-block-image\">\n<figure class=\"alignright size-medium\"><img loading=\"lazy\" decoding=\"async\" width=\"200\" height=\"300\" src=\"https:\/\/www.wolfgangseitz.de\/wp-content\/uploads\/2025\/11\/03-1-200x300.jpg\" alt=\"\" class=\"wp-image-824\" srcset=\"https:\/\/www.wolfgangseitz.de\/wp-content\/uploads\/2025\/11\/03-1-200x300.jpg 200w, https:\/\/www.wolfgangseitz.de\/wp-content\/uploads\/2025\/11\/03-1-684x1024.jpg 684w, https:\/\/www.wolfgangseitz.de\/wp-content\/uploads\/2025\/11\/03-1-768x1150.jpg 768w, https:\/\/www.wolfgangseitz.de\/wp-content\/uploads\/2025\/11\/03-1-1026x1536.jpg 1026w, https:\/\/www.wolfgangseitz.de\/wp-content\/uploads\/2025\/11\/03-1.jpg 1290w\" sizes=\"auto, (max-width: 200px) 100vw, 200px\" \/><\/figure>\n<\/div><\/div>\n\n\n\n<div class=\"wp-block-column is-layout-flow wp-block-column-is-layout-flow\"><div class=\"wp-block-image\">\n<figure class=\"alignleft size-medium\"><img loading=\"lazy\" decoding=\"async\" width=\"200\" height=\"300\" src=\"https:\/\/www.wolfgangseitz.de\/wp-content\/uploads\/2025\/11\/04-1-200x300.jpg\" alt=\"\" class=\"wp-image-825\" srcset=\"https:\/\/www.wolfgangseitz.de\/wp-content\/uploads\/2025\/11\/04-1-200x300.jpg 200w, https:\/\/www.wolfgangseitz.de\/wp-content\/uploads\/2025\/11\/04-1-684x1024.jpg 684w, https:\/\/www.wolfgangseitz.de\/wp-content\/uploads\/2025\/11\/04-1-768x1150.jpg 768w, https:\/\/www.wolfgangseitz.de\/wp-content\/uploads\/2025\/11\/04-1-1026x1536.jpg 1026w, https:\/\/www.wolfgangseitz.de\/wp-content\/uploads\/2025\/11\/04-1.jpg 1290w\" sizes=\"auto, (max-width: 200px) 100vw, 200px\" \/><\/figure>\n<\/div><\/div>\n<\/div>\n\n\n\n<div class=\"wp-block-columns is-layout-flex wp-container-core-columns-is-layout-9d6595d7 wp-block-columns-is-layout-flex\">\n<div class=\"wp-block-column is-layout-flow wp-block-column-is-layout-flow\"><div class=\"wp-block-image\">\n<figure class=\"alignright size-medium\"><img loading=\"lazy\" decoding=\"async\" width=\"200\" height=\"300\" src=\"https:\/\/www.wolfgangseitz.de\/wp-content\/uploads\/2025\/11\/05-1-200x300.jpg\" alt=\"\" class=\"wp-image-826\" srcset=\"https:\/\/www.wolfgangseitz.de\/wp-content\/uploads\/2025\/11\/05-1-200x300.jpg 200w, https:\/\/www.wolfgangseitz.de\/wp-content\/uploads\/2025\/11\/05-1-684x1024.jpg 684w, https:\/\/www.wolfgangseitz.de\/wp-content\/uploads\/2025\/11\/05-1-768x1150.jpg 768w, https:\/\/www.wolfgangseitz.de\/wp-content\/uploads\/2025\/11\/05-1-1026x1536.jpg 1026w, https:\/\/www.wolfgangseitz.de\/wp-content\/uploads\/2025\/11\/05-1.jpg 1290w\" sizes=\"auto, (max-width: 200px) 100vw, 200px\" \/><\/figure>\n<\/div><\/div>\n\n\n\n<div class=\"wp-block-column is-layout-flow wp-block-column-is-layout-flow\"><div class=\"wp-block-image\">\n<figure class=\"alignleft size-medium\"><img loading=\"lazy\" decoding=\"async\" width=\"200\" height=\"300\" src=\"https:\/\/www.wolfgangseitz.de\/wp-content\/uploads\/2025\/11\/02-1-200x300.jpg\" alt=\"\" class=\"wp-image-823\" srcset=\"https:\/\/www.wolfgangseitz.de\/wp-content\/uploads\/2025\/11\/02-1-200x300.jpg 200w, https:\/\/www.wolfgangseitz.de\/wp-content\/uploads\/2025\/11\/02-1-684x1024.jpg 684w, https:\/\/www.wolfgangseitz.de\/wp-content\/uploads\/2025\/11\/02-1-768x1150.jpg 768w, https:\/\/www.wolfgangseitz.de\/wp-content\/uploads\/2025\/11\/02-1-1026x1536.jpg 1026w, https:\/\/www.wolfgangseitz.de\/wp-content\/uploads\/2025\/11\/02-1.jpg 1290w\" sizes=\"auto, (max-width: 200px) 100vw, 200px\" \/><\/figure>\n<\/div><\/div>\n<\/div>\n\n\n\n<div class=\"wp-block-columns is-layout-flex wp-container-core-columns-is-layout-9d6595d7 wp-block-columns-is-layout-flex\">\n<div class=\"wp-block-column is-layout-flow wp-block-column-is-layout-flow\"><div class=\"wp-block-image\">\n<figure class=\"alignright size-medium\"><img loading=\"lazy\" decoding=\"async\" width=\"200\" height=\"300\" src=\"https:\/\/www.wolfgangseitz.de\/wp-content\/uploads\/2025\/11\/01-1-200x300.jpg\" alt=\"\" class=\"wp-image-822\" srcset=\"https:\/\/www.wolfgangseitz.de\/wp-content\/uploads\/2025\/11\/01-1-200x300.jpg 200w, https:\/\/www.wolfgangseitz.de\/wp-content\/uploads\/2025\/11\/01-1-684x1024.jpg 684w, https:\/\/www.wolfgangseitz.de\/wp-content\/uploads\/2025\/11\/01-1-768x1150.jpg 768w, https:\/\/www.wolfgangseitz.de\/wp-content\/uploads\/2025\/11\/01-1-1026x1536.jpg 1026w, https:\/\/www.wolfgangseitz.de\/wp-content\/uploads\/2025\/11\/01-1.jpg 1290w\" sizes=\"auto, (max-width: 200px) 100vw, 200px\" \/><\/figure>\n<\/div><\/div>\n\n\n\n<div class=\"wp-block-column is-layout-flow wp-block-column-is-layout-flow\"><div class=\"wp-block-image\">\n<figure class=\"alignleft size-medium\"><img loading=\"lazy\" decoding=\"async\" width=\"200\" height=\"300\" src=\"https:\/\/www.wolfgangseitz.de\/wp-content\/uploads\/2025\/11\/07-1-200x300.jpg\" alt=\"\" class=\"wp-image-821\" srcset=\"https:\/\/www.wolfgangseitz.de\/wp-content\/uploads\/2025\/11\/07-1-200x300.jpg 200w, https:\/\/www.wolfgangseitz.de\/wp-content\/uploads\/2025\/11\/07-1-684x1024.jpg 684w, https:\/\/www.wolfgangseitz.de\/wp-content\/uploads\/2025\/11\/07-1-768x1150.jpg 768w, https:\/\/www.wolfgangseitz.de\/wp-content\/uploads\/2025\/11\/07-1-1026x1536.jpg 1026w, https:\/\/www.wolfgangseitz.de\/wp-content\/uploads\/2025\/11\/07-1.jpg 1290w\" sizes=\"auto, (max-width: 200px) 100vw, 200px\" \/><\/figure>\n<\/div><\/div>\n<\/div>\n\n\n\n<p class=\"has-large-font-size\">D\u00e4monen<\/p>\n\n\n<div class=\"wp-block-image\">\n<figure class=\"aligncenter size-medium\"><img loading=\"lazy\" decoding=\"async\" width=\"227\" height=\"300\" src=\"https:\/\/www.wolfgangseitz.de\/wp-content\/uploads\/2025\/11\/15-2-227x300.jpg\" alt=\"\" class=\"wp-image-769\" srcset=\"https:\/\/www.wolfgangseitz.de\/wp-content\/uploads\/2025\/11\/15-2-227x300.jpg 227w, https:\/\/www.wolfgangseitz.de\/wp-content\/uploads\/2025\/11\/15-2-774x1024.jpg 774w, https:\/\/www.wolfgangseitz.de\/wp-content\/uploads\/2025\/11\/15-2-768x1017.jpg 768w, https:\/\/www.wolfgangseitz.de\/wp-content\/uploads\/2025\/11\/15-2-1160x1536.jpg 1160w, https:\/\/www.wolfgangseitz.de\/wp-content\/uploads\/2025\/11\/15-2-1547x2048.jpg 1547w, https:\/\/www.wolfgangseitz.de\/wp-content\/uploads\/2025\/11\/15-2-scaled.jpg 1934w\" sizes=\"auto, (max-width: 227px) 100vw, 227px\" \/><\/figure>\n<\/div>\n\n\n<div class=\"wp-block-columns is-layout-flex wp-container-core-columns-is-layout-9d6595d7 wp-block-columns-is-layout-flex\">\n<div class=\"wp-block-column is-layout-flow wp-block-column-is-layout-flow\" style=\"flex-basis:50%\"><div class=\"wp-block-image\">\n<figure class=\"alignright size-medium\"><img loading=\"lazy\" decoding=\"async\" width=\"170\" height=\"300\" src=\"https:\/\/www.wolfgangseitz.de\/wp-content\/uploads\/2025\/11\/06-3-170x300.jpg\" alt=\"\" class=\"wp-image-817\" srcset=\"https:\/\/www.wolfgangseitz.de\/wp-content\/uploads\/2025\/11\/06-3-170x300.jpg 170w, https:\/\/www.wolfgangseitz.de\/wp-content\/uploads\/2025\/11\/06-3-579x1024.jpg 579w, https:\/\/www.wolfgangseitz.de\/wp-content\/uploads\/2025\/11\/06-3-768x1358.jpg 768w, https:\/\/www.wolfgangseitz.de\/wp-content\/uploads\/2025\/11\/06-3-869x1536.jpg 869w, https:\/\/www.wolfgangseitz.de\/wp-content\/uploads\/2025\/11\/06-3-1158x2048.jpg 1158w, https:\/\/www.wolfgangseitz.de\/wp-content\/uploads\/2025\/11\/06-3-scaled.jpg 1448w\" sizes=\"auto, (max-width: 170px) 100vw, 170px\" \/><\/figure>\n<\/div><\/div>\n\n\n\n<div class=\"wp-block-column is-layout-flow wp-block-column-is-layout-flow\" style=\"flex-basis:50%\"><div class=\"wp-block-image\">\n<figure class=\"alignleft size-medium\"><img loading=\"lazy\" decoding=\"async\" width=\"170\" height=\"300\" src=\"https:\/\/www.wolfgangseitz.de\/wp-content\/uploads\/2025\/11\/14-3-170x300.jpg\" alt=\"\" class=\"wp-image-818\" srcset=\"https:\/\/www.wolfgangseitz.de\/wp-content\/uploads\/2025\/11\/14-3-170x300.jpg 170w, https:\/\/www.wolfgangseitz.de\/wp-content\/uploads\/2025\/11\/14-3-579x1024.jpg 579w, https:\/\/www.wolfgangseitz.de\/wp-content\/uploads\/2025\/11\/14-3-768x1358.jpg 768w, https:\/\/www.wolfgangseitz.de\/wp-content\/uploads\/2025\/11\/14-3-869x1536.jpg 869w, https:\/\/www.wolfgangseitz.de\/wp-content\/uploads\/2025\/11\/14-3-1158x2048.jpg 1158w, https:\/\/www.wolfgangseitz.de\/wp-content\/uploads\/2025\/11\/14-3-scaled.jpg 1448w\" sizes=\"auto, (max-width: 170px) 100vw, 170px\" \/><\/figure>\n<\/div><\/div>\n<\/div>\n\n\n\n<div class=\"wp-block-columns is-layout-flex wp-container-core-columns-is-layout-9d6595d7 wp-block-columns-is-layout-flex\">\n<div class=\"wp-block-column is-layout-flow wp-block-column-is-layout-flow\" style=\"flex-basis:50%\"><div class=\"wp-block-image\">\n<figure class=\"alignright size-medium\"><img loading=\"lazy\" decoding=\"async\" width=\"170\" height=\"300\" src=\"https:\/\/www.wolfgangseitz.de\/wp-content\/uploads\/2025\/11\/16-3-170x300.jpg\" alt=\"\" class=\"wp-image-819\" srcset=\"https:\/\/www.wolfgangseitz.de\/wp-content\/uploads\/2025\/11\/16-3-170x300.jpg 170w, https:\/\/www.wolfgangseitz.de\/wp-content\/uploads\/2025\/11\/16-3-579x1024.jpg 579w, https:\/\/www.wolfgangseitz.de\/wp-content\/uploads\/2025\/11\/16-3-768x1358.jpg 768w, https:\/\/www.wolfgangseitz.de\/wp-content\/uploads\/2025\/11\/16-3-869x1536.jpg 869w, https:\/\/www.wolfgangseitz.de\/wp-content\/uploads\/2025\/11\/16-3-1158x2048.jpg 1158w, https:\/\/www.wolfgangseitz.de\/wp-content\/uploads\/2025\/11\/16-3-scaled.jpg 1448w\" sizes=\"auto, (max-width: 170px) 100vw, 170px\" \/><\/figure>\n<\/div><\/div>\n\n\n\n<div class=\"wp-block-column is-layout-flow wp-block-column-is-layout-flow\" style=\"flex-basis:50%\"><div class=\"wp-block-image\">\n<figure class=\"alignleft size-medium\"><img loading=\"lazy\" decoding=\"async\" width=\"170\" height=\"300\" src=\"https:\/\/www.wolfgangseitz.de\/wp-content\/uploads\/2025\/11\/17-3-170x300.jpg\" alt=\"\" class=\"wp-image-816\" srcset=\"https:\/\/www.wolfgangseitz.de\/wp-content\/uploads\/2025\/11\/17-3-170x300.jpg 170w, https:\/\/www.wolfgangseitz.de\/wp-content\/uploads\/2025\/11\/17-3-579x1024.jpg 579w, https:\/\/www.wolfgangseitz.de\/wp-content\/uploads\/2025\/11\/17-3-768x1358.jpg 768w, https:\/\/www.wolfgangseitz.de\/wp-content\/uploads\/2025\/11\/17-3-869x1536.jpg 869w, https:\/\/www.wolfgangseitz.de\/wp-content\/uploads\/2025\/11\/17-3-1158x2048.jpg 1158w, https:\/\/www.wolfgangseitz.de\/wp-content\/uploads\/2025\/11\/17-3-scaled.jpg 1448w\" sizes=\"auto, (max-width: 170px) 100vw, 170px\" \/><\/figure>\n<\/div><\/div>\n<\/div>\n\n\n\n<p><\/p>\n\n\n\n<p><\/p>\n\n\n\n<p class=\"has-large-font-size\">Atelier Impressionen<\/p>\n\n\n\n<div class=\"wp-block-columns is-layout-flex wp-container-core-columns-is-layout-9d6595d7 wp-block-columns-is-layout-flex\">\n<div class=\"wp-block-column is-layout-flow wp-block-column-is-layout-flow\">\n<figure class=\"wp-block-image size-large\"><img loading=\"lazy\" decoding=\"async\" width=\"1024\" height=\"768\" src=\"https:\/\/www.wolfgangseitz.de\/wp-content\/uploads\/2025\/11\/12-1024x768.jpg\" alt=\"\" class=\"wp-image-723\" srcset=\"https:\/\/www.wolfgangseitz.de\/wp-content\/uploads\/2025\/11\/12-1024x768.jpg 1024w, https:\/\/www.wolfgangseitz.de\/wp-content\/uploads\/2025\/11\/12-300x225.jpg 300w, https:\/\/www.wolfgangseitz.de\/wp-content\/uploads\/2025\/11\/12-768x576.jpg 768w, https:\/\/www.wolfgangseitz.de\/wp-content\/uploads\/2025\/11\/12-1536x1152.jpg 1536w, https:\/\/www.wolfgangseitz.de\/wp-content\/uploads\/2025\/11\/12.jpg 2016w\" sizes=\"auto, (max-width: 1024px) 100vw, 1024px\" \/><\/figure>\n<\/div>\n\n\n\n<div class=\"wp-block-column is-layout-flow wp-block-column-is-layout-flow\">\n<figure class=\"wp-block-image size-large\"><img loading=\"lazy\" decoding=\"async\" width=\"1024\" height=\"768\" src=\"https:\/\/www.wolfgangseitz.de\/wp-content\/uploads\/2025\/11\/09-1024x768.jpg\" alt=\"\" class=\"wp-image-720\" srcset=\"https:\/\/www.wolfgangseitz.de\/wp-content\/uploads\/2025\/11\/09-1024x768.jpg 1024w, https:\/\/www.wolfgangseitz.de\/wp-content\/uploads\/2025\/11\/09-300x225.jpg 300w, https:\/\/www.wolfgangseitz.de\/wp-content\/uploads\/2025\/11\/09-768x576.jpg 768w, https:\/\/www.wolfgangseitz.de\/wp-content\/uploads\/2025\/11\/09-1536x1152.jpg 1536w, https:\/\/www.wolfgangseitz.de\/wp-content\/uploads\/2025\/11\/09.jpg 2016w\" sizes=\"auto, (max-width: 1024px) 100vw, 1024px\" \/><\/figure>\n<\/div>\n\n\n\n<div class=\"wp-block-column is-layout-flow wp-block-column-is-layout-flow\">\n<figure class=\"wp-block-image size-large\"><img loading=\"lazy\" decoding=\"async\" width=\"1024\" height=\"768\" src=\"https:\/\/www.wolfgangseitz.de\/wp-content\/uploads\/2025\/11\/13-1024x768.jpg\" alt=\"\" class=\"wp-image-724\" srcset=\"https:\/\/www.wolfgangseitz.de\/wp-content\/uploads\/2025\/11\/13-1024x768.jpg 1024w, https:\/\/www.wolfgangseitz.de\/wp-content\/uploads\/2025\/11\/13-300x225.jpg 300w, https:\/\/www.wolfgangseitz.de\/wp-content\/uploads\/2025\/11\/13-768x576.jpg 768w, https:\/\/www.wolfgangseitz.de\/wp-content\/uploads\/2025\/11\/13-1536x1152.jpg 1536w, https:\/\/www.wolfgangseitz.de\/wp-content\/uploads\/2025\/11\/13.jpg 2016w\" sizes=\"auto, (max-width: 1024px) 100vw, 1024px\" \/><\/figure>\n<\/div>\n<\/div>\n\n\n\n<p><\/p>\n","protected":false},"excerpt":{"rendered":"<p>2018 begann ich mit Farbe und Klebeb\u00e4ndern zu experimentieren. Diese Technik habe ich in der Corona Zeit 2020 intensiv weiterentwickelt, mich damit besch\u00e4ftigt und Arbeitsprozesse optimiert. Meine Tape Art Arbeiten bestehen alle aus Klebeb\u00e4ndern, von denen ich mittlerweile \u00fcber 1.000 Rollen aus den unterschiedlichsten Kontinenten und L\u00e4nder habe. Durch die hohe Anzahl an Rollen besitzeContinue reading &rarr;<\/p>\n","protected":false},"author":1,"featured_media":0,"parent":0,"menu_order":0,"comment_status":"closed","ping_status":"closed","template":"","meta":{"footnotes":""},"class_list":["post-728","page","type-page","status-publish","hentry","no-thumb"],"_links":{"self":[{"href":"https:\/\/www.wolfgangseitz.de\/index.php\/wp-json\/wp\/v2\/pages\/728","targetHints":{"allow":["GET"]}}],"collection":[{"href":"https:\/\/www.wolfgangseitz.de\/index.php\/wp-json\/wp\/v2\/pages"}],"about":[{"href":"https:\/\/www.wolfgangseitz.de\/index.php\/wp-json\/wp\/v2\/types\/page"}],"author":[{"embeddable":true,"href":"https:\/\/www.wolfgangseitz.de\/index.php\/wp-json\/wp\/v2\/users\/1"}],"replies":[{"embeddable":true,"href":"https:\/\/www.wolfgangseitz.de\/index.php\/wp-json\/wp\/v2\/comments?post=728"}],"version-history":[{"count":46,"href":"https:\/\/www.wolfgangseitz.de\/index.php\/wp-json\/wp\/v2\/pages\/728\/revisions"}],"predecessor-version":[{"id":828,"href":"https:\/\/www.wolfgangseitz.de\/index.php\/wp-json\/wp\/v2\/pages\/728\/revisions\/828"}],"wp:attachment":[{"href":"https:\/\/www.wolfgangseitz.de\/index.php\/wp-json\/wp\/v2\/media?parent=728"}],"curies":[{"name":"wp","href":"https:\/\/api.w.org\/{rel}","templated":true}]}}